{"id":519,"date":"2025-06-23T19:39:27","date_gmt":"2025-06-23T19:39:27","guid":{"rendered":"https:\/\/colfarmi.com\/inicio\/?page_id=519"},"modified":"2025-06-23T20:51:39","modified_gmt":"2025-06-23T20:51:39","slug":"contacto","status":"publish","type":"page","link":"https:\/\/colfarmi.com\/inicio\/contacto\/","title":{"rendered":"Contacto"},"content":{"rendered":"<div style=\"max-width: 800px; margin: auto; padding: 40px 20px; font-family: 'Segoe UI', sans-serif; background-color: #f5f5f5; border-radius: 12px; box-shadow: 0 4px 12px rgba(0,0,0,0.1);\">\n<h1 style=\"text-align: center; color: #004080; margin-bottom: 40px;\">&#x1f4de; Medios de Contacto<\/h1>\n<section style=\"margin-bottom: 30px;\">\n<h2 style=\"color: #333;\">&#x1f4f1; Tel\u00e9fonos<\/h2>\n<ul style=\"list-style: none; padding-left: 0; color: #555; font-size: 1.1em;\">\n<li><strong>Tel\u00e9fono principal:<\/strong> 4436045<\/li>\n<li><strong>Mesa de ayuda t\u00e9cnica:<\/strong> 3764 125304<\/li>\n<li><strong>Mesa de ayuda varios:<\/strong> 3764 161349<\/li>\n<\/ul>\n<\/section>\n<section style=\"margin-bottom: 30px;\">\n<h2 style=\"color: #333;\">&#x1f4e7; Correos electr\u00f3nicos<\/h2>\n<ul style=\"list-style: none; padding-left: 0; color: #555; font-size: 1.1em;\">\n<li><strong>Comisi\u00f3n Directiva:<\/strong> <a href=\"mailto:colfarmi@colfarmi.com\" style=\"color: #004080;\">colfarmi@colfarmi.com<\/a><\/li>\n<li><strong>Mesa de ayuda:<\/strong> <a href=\"mailto:misionescolfarma@gmail.com\" style=\"color: #004080;\">misionescolfarma@gmail.com<\/a><\/li>\n<\/ul>\n<\/section>\n<section style=\"margin-bottom: 30px;\">\n<h2 style=\"color: #333;\">&#x1f4ac; WhatsApp<\/h2>\n<ul style=\"list-style: none; padding: 0; color: #555; font-size: 1.1em;\">\n<li>\n        <a href=\"https:\/\/wa.me\/5493764125304?text=Hola%2C+necesito+ayuda+t%C3%A9cnica\" target=\"_blank\" style=\"text-decoration: none; color: #25D366;\"><br \/>\n          <img decoding=\"async\" src=\"https:\/\/upload.wikimedia.org\/wikipedia\/commons\/6\/6b\/WhatsApp.svg\" alt=\"WhatsApp\" style=\"width: 20px; vertical-align: middle; margin-right: 6px;\"><br \/>\n          Mesa de ayuda t\u00e9cnica (3764 125304)<br \/>\n        <\/a>\n      <\/li>\n<li>\n        <a href=\"https:\/\/wa.me\/5493764161349?text=Hola%2C+necesito+ayuda+con+otros+temas\" target=\"_blank\" style=\"text-decoration: none; color: #25D366;\"><br \/>\n          <img decoding=\"async\" src=\"https:\/\/upload.wikimedia.org\/wikipedia\/commons\/6\/6b\/WhatsApp.svg\" alt=\"WhatsApp\" style=\"width: 20px; vertical-align: middle; margin-right: 6px;\"><br \/>\n          Mesa de ayuda varios (3764 161349)<br \/>\n        <\/a>\n      <\/li>\n<\/ul>\n<\/section>\n<section style=\"margin-top: 40px;\">\n<h2 style=\"color: #333;\">&#x2709;&#xfe0f; Formulario de Contacto<\/h2>\n<p style=\"color: #666;\">Tambi\u00e9n pod\u00e9s escribirnos directamente desde ac\u00e1:<\/p>\n<p>    <!-- Shortcode de Contact Form 7 --><br \/>\n<p class=\"wpcf7-contact-form-not-found\"><strong>Error:<\/strong> Formulario de contacto no encontrado.<\/p><br \/>\n  <\/section>\n<\/div>\n<p><!-- BOT\u00d3N FLOTANTE DE WHATSAPP --><br \/>\n<a href=\"https:\/\/wa.me\/5493764161349?text=Hola%2C+necesito+ayuda+con+otros+temas\" target=\"_blank\" style=\"position: fixed; bottom: 20px; right: 20px; background-color: #25D366; color: white; border-radius: 50%; padding: 15px; box-shadow: 0 4px 10px rgba(0,0,0,0.3); z-index: 1000;\"><br \/>\n  <img decoding=\"async\" src=\"https:\/\/upload.wikimedia.org\/wikipedia\/commons\/6\/6b\/WhatsApp.svg\" alt=\"WhatsApp\" style=\"width: 30px; height: 30px;\"><br \/>\n<\/a><\/p>\n","protected":false},"excerpt":{"rendered":"<p>&#x1f4de; Medios de Contacto &#x1f4f1; Tel\u00e9fonos Tel\u00e9fono principal: 4436045 Mesa de ayuda t\u00e9cnica: 3764 125304 Mesa de ayuda varios: 3764 161349 &#x1f4e7; Correos electr\u00f3nicos Comisi\u00f3n Directiva: colfarmi@colfarmi.com Mesa de ayuda: misionescolfarma@gmail.com &#x1f4ac; WhatsApp Mesa de ayuda t\u00e9cnica (3764 125304) Mesa de ayuda varios (3764 161349) &#x2709;&#xfe0f; Formulario de Contacto Tambi\u00e9n pod\u00e9s escribirnos directamente desde ac\u00e1:<\/p>\n","protected":false},"author":2,"featured_media":0,"parent":0,"menu_order":0,"comment_status":"closed","ping_status":"closed","template":"","meta":{"footnotes":""},"class_list":["post-519","page","type-page","status-publish","hentry"],"_links":{"self":[{"href":"https:\/\/colfarmi.com\/inicio\/wp-json\/wp\/v2\/pages\/519","targetHints":{"allow":["GET"]}}],"collection":[{"href":"https:\/\/colfarmi.com\/inicio\/wp-json\/wp\/v2\/pages"}],"about":[{"href":"https:\/\/colfarmi.com\/inicio\/wp-json\/wp\/v2\/types\/page"}],"author":[{"embeddable":true,"href":"https:\/\/colfarmi.com\/inicio\/wp-json\/wp\/v2\/users\/2"}],"replies":[{"embeddable":true,"href":"https:\/\/colfarmi.com\/inicio\/wp-json\/wp\/v2\/comments?post=519"}],"version-history":[{"count":4,"href":"https:\/\/colfarmi.com\/inicio\/wp-json\/wp\/v2\/pages\/519\/revisions"}],"predecessor-version":[{"id":527,"href":"https:\/\/colfarmi.com\/inicio\/wp-json\/wp\/v2\/pages\/519\/revisions\/527"}],"wp:attachment":[{"href":"https:\/\/colfarmi.com\/inicio\/wp-json\/wp\/v2\/media?parent=519"}],"curies":[{"name":"wp","href":"https:\/\/api.w.org\/{rel}","templated":true}]}}