{"id":226,"date":"2024-07-30T20:45:59","date_gmt":"2024-07-30T20:45:59","guid":{"rendered":"https:\/\/colfarmi.com\/inicio\/?page_id=226"},"modified":"2024-07-30T21:02:32","modified_gmt":"2024-07-30T21:02:32","slug":"nosotros","status":"publish","type":"page","link":"https:\/\/colfarmi.com\/inicio\/nosotros\/","title":{"rendered":"Sobre nosotros"},"content":{"rendered":"\n<div class=\"wp-block-group alignfull has-global-padding is-layout-constrained wp-container-core-group-is-layout-0747478d wp-block-group-is-layout-constrained\" style=\"padding-top:var(--wp--preset--spacing--50);padding-right:var(--wp--preset--spacing--50);padding-bottom:var(--wp--preset--spacing--50);padding-left:var(--wp--preset--spacing--50)\">\n<div class=\"wp-block-columns alignfull are-vertically-aligned-top is-layout-flex wp-container-core-columns-is-layout-ff4b9c61 wp-block-columns-is-layout-flex\" style=\"margin-top:0;margin-bottom:0\">\n<div class=\"wp-block-column is-vertically-aligned-top is-layout-flow wp-container-core-column-is-layout-8a368f38 wp-block-column-is-layout-flow\">\n<div class=\"wp-block-query is-layout-flow wp-block-query-is-layout-flow\"><\/div>\n<\/div>\n\n\n\n<div class=\"wp-block-column is-vertically-aligned-top is-layout-flow wp-container-core-column-is-layout-8736a895 wp-block-column-is-layout-flow\" style=\"padding-top:0\">\n<div class=\"wp-block-query is-layout-flow wp-block-query-is-layout-flow\">\n<p>Visi\u00f3n<\/p>\n\n\n\n<p>Aspiramos a ser un colegio profesional de referencia, participativo, comprometido y respetuoso, que contribuya al bienestar de la poblaci\u00f3n, a trav\u00e9s de farmac\u00e9uticos capacitados, que desarrollan su profesi\u00f3n en diversas \u00e1reas de la salud y los cu\u00e1les sean reconocidos, como una pieza clave en el sistema de salud.<\/p>\n<\/div>\n\n\n\n<div style=\"height:var(--wp--preset--spacing--50)\" aria-hidden=\"true\" class=\"wp-block-spacer\"><\/div>\n<\/div>\n\n\n\n<div class=\"wp-block-column is-vertically-aligned-top is-layout-flow wp-container-core-column-is-layout-8a368f38 wp-block-column-is-layout-flow\">\n<div class=\"wp-block-query is-layout-flow wp-block-query-is-layout-flow\">\n<div class=\"wp-block-group is-vertical is-layout-flex wp-container-core-group-is-layout-fe9cc265 wp-block-group-is-layout-flex\">\n<div class=\"wp-block-cover\"><span aria-hidden=\"true\" class=\"wp-block-cover__background has-background-dim\"><\/span><div class=\"wp-block-cover__inner-container is-layout-flow wp-block-cover-is-layout-flow\">\n<div class=\"wp-block-group is-nowrap is-layout-flex wp-container-core-group-is-layout-6c531013 wp-block-group-is-layout-flex\">\n<p>Principios y Valores<\/p>\n\n\n\n<ul class=\"wp-block-list\">\n<li>Compromiso<\/li>\n\n\n\n<li>Empat\u00eda<\/li>\n\n\n\n<li>\u00c9tica<\/li>\n\n\n\n<li>Servicio<\/li>\n\n\n\n<li>Solidaridad<\/li>\n\n\n\n<li>Respeto<\/li>\n\n\n\n<li>Responsabilidad<\/li>\n\n\n\n<li>Transparencia.<\/li>\n<\/ul>\n<\/div>\n<\/div><\/div>\n<\/div>\n<\/div>\n<\/div>\n<\/div>\n<\/div>\n\n\n\n<blockquote class=\"wp-block-quote is-layout-flow wp-block-quote-is-layout-flow\">\n<p><a href=\"https:\/\/colfarmi.com\/inicio\/comision-directiva\/\" data-type=\"page\" data-id=\"111\">\u00bfQuer\u00e9s conocer a nuestra Comisi\u00f3n Directiva ?<\/a><\/p>\n<\/blockquote>\n\n\n\n<p><\/p>\n","protected":false},"excerpt":{"rendered":"<p>\u00bfQuer\u00e9s conocer a nuestra Comisi\u00f3n Directiva ?<\/p>\n","protected":false},"author":2,"featured_media":0,"parent":0,"menu_order":0,"comment_status":"closed","ping_status":"closed","template":"","meta":{"footnotes":""},"class_list":["post-226","page","type-page","status-publish","hentry"],"_links":{"self":[{"href":"https:\/\/colfarmi.com\/inicio\/wp-json\/wp\/v2\/pages\/226","targetHints":{"allow":["GET"]}}],"collection":[{"href":"https:\/\/colfarmi.com\/inicio\/wp-json\/wp\/v2\/pages"}],"about":[{"href":"https:\/\/colfarmi.com\/inicio\/wp-json\/wp\/v2\/types\/page"}],"author":[{"embeddable":true,"href":"https:\/\/colfarmi.com\/inicio\/wp-json\/wp\/v2\/users\/2"}],"replies":[{"embeddable":true,"href":"https:\/\/colfarmi.com\/inicio\/wp-json\/wp\/v2\/comments?post=226"}],"version-history":[{"count":3,"href":"https:\/\/colfarmi.com\/inicio\/wp-json\/wp\/v2\/pages\/226\/revisions"}],"predecessor-version":[{"id":232,"href":"https:\/\/colfarmi.com\/inicio\/wp-json\/wp\/v2\/pages\/226\/revisions\/232"}],"wp:attachment":[{"href":"https:\/\/colfarmi.com\/inicio\/wp-json\/wp\/v2\/media?parent=226"}],"curies":[{"name":"wp","href":"https:\/\/api.w.org\/{rel}","templated":true}]}}