{"id":2,"date":"2013-11-06T11:55:36","date_gmt":"2013-11-06T11:55:36","guid":{"rendered":"https:\/\/colfarmi.com\/inicio\/?page_id=2"},"modified":"2026-02-26T13:53:17","modified_gmt":"2026-02-26T13:53:17","slug":"obras-sociales","status":"publish","type":"page","link":"https:\/\/colfarmi.com\/inicio\/obras-sociales\/","title":{"rendered":"Obras Sociales"},"content":{"rendered":"\n<p>En esta secci\u00f3n se va a encontrar con los normativas de nuestros convenios.<\/p>\n\n\n\n<p class=\"has-contrast-2-color has-text-color has-link-color wp-elements-36942f7653f2b62fcd1a95c61f19c396\"><a href=\"https:\/\/colfarmi.com\/inicio\/wp-content\/uploads\/2024\/07\/Varios-Obras Sociales\/ACONDICIONAMIENTO DE PAQUETES   05 2024.pdf\" target=\"_blank\" rel=\"noreferrer noopener nofollow\">Acondicionamiento de Paquetes OS<\/a><\/p>\n\n\n\n<p><a href=\"https:\/\/colfarmi.com\/inicio\/wp-content\/uploads\/2024\/07\/Varios-Obras Sociales\/ACONDICIONAMIENTO DE RECETAS  2024.pdf\" target=\"_blank\" rel=\"noreferrer noopener\">Acondicionamiento de Recetas.<\/a><\/p>\n\n\n\n<p><a href=\"https:\/\/colfarmi.com\/inicio\/wp-content\/uploads\/2024\/07\/Varios-Obras Sociales\/CARATULA-DE-PRESENTACION.pdf\">Car\u00e1tulas de Presentaci\u00f3n<\/a><\/p>\n\n\n\n<p><a href=\"https:\/\/colfarmi.com\/inicio\/wp-content\/uploads\/2024\/07\/Varios-Obras Sociales\/OBRAS SOCIALES CORRESPONDIENTES A  CADA QUINCENA.pdf\">Presentaci\u00f3n Quincenal de OS<\/a><\/p>\n\n\n\n<p><a href=\"https:\/\/colfarmi.com\/inicio\/wp-content\/uploads\/2024\/07\/Varios-Obras Sociales\/Como podemos ver nuestras notas de Credito.pdf\" target=\"_blank\" rel=\"noreferrer noopener\">Como vemos nuestras Notas de Cr\u00e9dito.<\/a><\/p>\n\n\n\n<div class=\"wp-block-columns is-layout-flex wp-container-core-columns-is-layout-28f84493 wp-block-columns-is-layout-flex\">\n<div class=\"wp-block-column is-layout-flow wp-block-column-is-layout-flow\" style=\"flex-basis:100%\">\n<figure class=\"wp-block-table\"><table><tbody><tr><td class=\"has-text-align-left\" data-align=\"left\"><strong><em>Obro Social<\/em><\/strong><\/td><td><strong><em>Observaciones<\/em><\/strong><\/td><\/tr><tr><td class=\"has-text-align-left\" data-align=\"left\"><a href=\"https:\/\/colfarmi.com\/inicio\/wp-content\/uploads\/2024\/07\/Normativas Obras Sociales\/ANDAR OCT 25.pdf\">ANDAR-OCT 25<\/a><\/td><td><\/td><\/tr><tr><td class=\"has-text-align-left\" data-align=\"left\"><a href=\"https:\/\/colfarmi.com\/inicio\/wp-content\/uploads\/2024\/07\/Normativas%20Obras%20Sociales\/ASIS_SALUD.pdf\">ASIS SALUD<\/a><\/td><td><\/td><\/tr><tr><td class=\"has-text-align-left\" data-align=\"left\"><a href=\"https:\/\/colfarmi.com\/inicio\/wp-content\/uploads\/2024\/07\/Normativas%20Obras%20Sociales\/CEA  SAN PEDRO NORMATIVAS  2025.pdf\" target=\"_blank\" rel=\"noreferrer noopener nofollow\">CEA SAN PEDRO<\/a><\/td><td><\/td><\/tr><tr><td class=\"has-text-align-left\" data-align=\"left\"><a href=\"https:\/\/colfarmi.com\/inicio\/wp-content\/uploads\/2024\/07\/Normativas%20Obras%20Sociales\/ASOCIART ART.pdf\">ASOCIART ART<\/a><\/td><td><\/td><\/tr><tr><td class=\"has-text-align-left\" data-align=\"left\"><a href=\"https:\/\/colfarmi.com\/inicio\/wp-content\/uploads\/2024\/07\/Normativas%20Obras%20Sociales\/Avalian.pdf\">AVALIAN EX ACA SALUD<\/a><\/td><td><\/td><\/tr><tr><td class=\"has-text-align-left\" data-align=\"left\"><a href=\"https:\/\/colfarmi.com\/inicio\/wp-content\/uploads\/2024\/07\/Normativas%20Obras%20Sociales\/BERKLEY.pdf\">BERKLEY ART<\/a><\/td><td><\/td><\/tr><tr><td class=\"has-text-align-left\" data-align=\"left\"><a href=\"https:\/\/colfarmi.com\/inicio\/wp-content\/uploads\/2024\/07\/Normativas%20Obras%20Sociales\/ELEVAR%20OS.pdf\" target=\"_blank\" rel=\"noreferrer noopener\">ELEVAR<\/a><\/td><td><\/td><\/tr><tr><td class=\"has-text-align-left\" data-align=\"left\"><a href=\"https:\/\/colfarmi.com\/inicio\/wp-content\/uploads\/2024\/07\/Normativas%20Obras%20Sociales\/EXPERTA  ART.pdf\">EXPERTA ART<\/a><\/td><td><\/td><\/tr><tr><td class=\"has-text-align-left\" data-align=\"left\"><a href=\"https:\/\/colfarmi.com\/inicio\/wp-content\/uploads\/2024\/07\/Normativas%20Obras%20Sociales\/ART%20FEDERACION%20PATRONAL.pdf\" target=\"_blank\" rel=\"noreferrer noopener\">ART FEDERACION PATRONAL<\/a><\/td><td><\/td><\/tr><tr><td class=\"has-text-align-left\" data-align=\"left\"><a href=\"https:\/\/colfarmi.com\/inicio\/wp-content\/uploads\/2024\/07\/Normativas%20Obras%20Sociales\/FEFARA SCIENZA-NORMATIVA.pdf\">FEFARA DISPESA(Scienza\/Meta\/Rosfar\/Medidore)<\/a><\/td><td><\/td><\/tr><tr><td class=\"has-text-align-left\" data-align=\"left\"><a href=\"https:\/\/colfarmi.com\/inicio\/wp-content\/uploads\/2024\/07\/Normativas%20Obras%20Sociales\/GALENO.pdf\">GALENO<\/a><\/td><td><\/td><\/tr><tr><td class=\"has-text-align-left\" data-align=\"left\"><a href=\"https:\/\/colfarmi.com\/inicio\/wp-content\/uploads\/2024\/07\/Normativas%20Obras%20Sociales\/GALENO-ART.pdf\">GALENO ART<\/a><\/td><td><\/td><\/tr><tr><td class=\"has-text-align-left\" data-align=\"left\">INTEGRO SEGUROS<\/td><td><\/td><\/tr><tr><td class=\"has-text-align-left\" data-align=\"left\"><a href=\"https:\/\/colfarmi.com\/inicio\/wp-content\/uploads\/2024\/07\/Normativas%20Obras%20Sociales\/JERARQUICOS-SALUD.pdf\" target=\"_blank\" rel=\"noreferrer noopener\">JERARQUICOS SALUD<\/a><\/td><td><\/td><\/tr><tr><td class=\"has-text-align-left\" data-align=\"left\">LA CAJA ART<\/td><td><\/td><\/tr><tr><td class=\"has-text-align-left\" data-align=\"left\">LA SEGUNDA ART<\/td><td><\/td><\/tr><tr><td class=\"has-text-align-left\" data-align=\"left\"><a href=\"https:\/\/colfarmi.com\/inicio\/wp-content\/uploads\/2024\/07\/Normativas%20Obras%20Sociales\/OSFATLYF.pdf\" target=\"_blank\" rel=\"noreferrer noopener\">LUZ Y FUERZA OSFATLYF<\/a><\/td><td><\/td><\/tr><tr><td class=\"has-text-align-left\" data-align=\"left\"><a href=\"https:\/\/colfarmi.com\/inicio\/wp-content\/uploads\/2024\/07\/Normativas%20Obras%20Sociales\/MEDIFE-AS.pdf\" target=\"_blank\" rel=\"noreferrer noopener\">MEDIFE AS.CIVIL<\/a><\/td><td><\/td><\/tr><tr><td class=\"has-text-align-left\" data-align=\"left\"><a href=\"https:\/\/colfarmi.com\/inicio\/wp-content\/uploads\/2024\/07\/Normativas%20Obras%20Sociales\/OMINT.pdf\">OMINT<\/a><\/td><td><\/td><\/tr><tr><td class=\"has-text-align-left\" data-align=\"left\">OSMATA (MUTUAL MEC\u00c1NICA<a href=\"https:\/\/colfarmi.com\/inicio\/wp-content\/uploads\/2024\/07\/Normativas%20Obras%20Sociales\/OSMATA.pdf\">)<\/a><\/td><td><\/td><\/tr><tr><td class=\"has-text-align-left\" data-align=\"left\">OSPAGA Pers de gaseosas<\/td><td><\/td><\/tr><tr><td class=\"has-text-align-left\" data-align=\"left\">OSPATCA Construcci\u00f3n. Y afines<\/td><td><\/td><\/tr><tr><td class=\"has-text-align-left\" data-align=\"left\"><a href=\"https:\/\/colfarmi.com\/inicio\/wp-content\/uploads\/2024\/07\/Normativas%20Obras%20Sociales\/OSPEDYC.pdf\">OSPEDYC<\/a><\/td><td><\/td><\/tr><tr><td class=\"has-text-align-left\" data-align=\"left\"><a href=\"https:\/\/colfarmi.com\/inicio\/wp-content\/uploads\/2024\/07\/Normativas%20Obras%20Sociales\/OSDEPYM.pdf\">OSDEPYM<\/a><\/td><td><\/td><\/tr><tr><td class=\"has-text-align-left\" data-align=\"left\"><a href=\"https:\/\/colfarmi.com\/inicio\/wp-content\/uploads\/2024\/07\/Normativas%20Obras%20Sociales\/OSPERYHRA.pdf\">OSPERYHRA<\/a><\/td><td><\/td><\/tr><tr><td class=\"has-text-align-left\" data-align=\"left\"><a href=\"https:\/\/colfarmi.com\/inicio\/wp-content\/uploads\/2024\/07\/Normativas%20Obras%20Sociales\/OSPES.pdf\" target=\"_blank\" rel=\"noreferrer noopener\">OSPES Pers.Estac.de Serv.<\/a><\/td><td><\/td><\/tr><tr><td class=\"has-text-align-left\" data-align=\"left\"><a href=\"https:\/\/colfarmi.com\/inicio\/wp-content\/uploads\/2024\/07\/Normativas%20Obras%20Sociales\/OSPF  normativas.pdf\">OSPF (PERSONAL DE FARMACIA)<\/a><\/td><td><\/td><\/tr><tr><td class=\"has-text-align-left\" data-align=\"left\">OSPICA ( Personal del Cuero)<\/td><td><\/td><\/tr><tr><td class=\"has-text-align-left\" data-align=\"left\">OSPIF (F\u00f3sforos)<\/td><td><\/td><\/tr><tr><td class=\"has-text-align-left\" data-align=\"left\">OSPIL &#8211; AMPIL (INDUSTRIA LECHERA)<\/td><td><\/td><\/tr><tr><td class=\"has-text-align-left\" data-align=\"left\"><a href=\"https:\/\/colfarmi.com\/inicio\/wp-content\/uploads\/2024\/07\/Normativas%20Obras%20Sociales\/OSPL(Ladrilleros).pdf\">OSPL (LADRILLEROS)<\/a><\/td><td><\/td><\/tr><tr><td class=\"has-text-align-left\" data-align=\"left\">OSPLAD<\/td><td>Convenio no habilitado<\/td><\/tr><tr><td class=\"has-text-align-left\" data-align=\"left\"><a href=\"https:\/\/colfarmi.com\/inicio\/wp-content\/uploads\/2024\/07\/Normativas%20Obras%20Sociales\/PERSONAL-MARITIMO.pdf\">OSPM ( Personal Mar\u00edtimo)<\/a><\/td><td><\/td><\/tr><tr><td class=\"has-text-align-left\" data-align=\"left\"><a href=\"https:\/\/colfarmi.com\/inicio\/wp-content\/uploads\/2024\/07\/Normativas%20Obras%20Sociales\/OSPPCYQ.pdf\">OSPPCYQ (Cart\u00f3n\/Qu\u00edmicos)<\/a><\/td><td><\/td><\/tr><tr><td class=\"has-text-align-left\" data-align=\"left\"><a href=\"https:\/\/colfarmi.com\/inicio\/wp-content\/uploads\/2024\/07\/Normativas%20Obras%20Sociales\/OSPRERA.pdf\">OSPRERA<\/a><\/td><td>En p\u00e1gina <a href=\"https:\/\/www.plataformacsf.com\/login.xhtml\" target=\"_blank\" rel=\"noreferrer noopener\">Compa\u00f1ia<\/a><\/td><\/tr><tr><td class=\"has-text-align-left\" data-align=\"left\"><a href=\"https:\/\/colfarmi.com\/inicio\/wp-content\/uploads\/2024\/07\/Normativas%20Obras%20Sociales\/OSPRERA-Diabetes.pdf\">OSPRERA DIABETES<\/a><\/td><td><\/td><\/tr><tr><td class=\"has-text-align-left\" data-align=\"left\"><a href=\"https:\/\/colfarmi.com\/inicio\/wp-content\/uploads\/2024\/07\/Normativas%20Obras%20Sociales\/OSSACRA.pdf\">OSSACRA<\/a><\/td><td><\/td><\/tr><tr><td class=\"has-text-align-left\" data-align=\"left\">OSTRAC<\/td><td><\/td><\/tr><tr><td class=\"has-text-align-left\" data-align=\"left\">OSVARA<\/td><td><\/td><\/tr><tr><td class=\"has-text-align-left\" data-align=\"left\">PAMI<\/td><td><a href=\"https:\/\/colfarmi.com\/inicio\/wp-content\/uploads\/2024\/07\/Varios-Obras Sociales\/MOTIVO_DE_DEBITOS_PAMI_FCIA-1.pdf\" target=\"_blank\" rel=\"noreferrer noopener\">Motivos de D\u00e9bitos de PAMI<\/a><\/td><\/tr><tr><td class=\"has-text-align-left\" data-align=\"left\"><a href=\"https:\/\/colfarmi.com\/inicio\/wp-content\/uploads\/2024\/07\/Normativas%20Obras%20Sociales\/OSPATRONES.pdf\">PATRONES DE CABOTAJE, RIOS Y PUERTOS<\/a><\/td><td><\/td><\/tr><tr><td class=\"has-text-align-left\" data-align=\"left\"><a href=\"https:\/\/colfarmi.com\/inicio\/wp-content\/uploads\/2024\/07\/Normativas%20Obras%20Sociales\/OSPJN.pdf\" target=\"_blank\" rel=\"noreferrer noopener\">PODER JUDICIAL<\/a><\/td><td><\/td><\/tr><tr><td class=\"has-text-align-left\" data-align=\"left\"><a href=\"https:\/\/colfarmi.com\/inicio\/wp-content\/uploads\/2024\/07\/Normativas%20Obras%20Sociales\/Policia Federal.pdf\" target=\"_blank\" rel=\"noreferrer noopener\">POLICIA FEDERAL<\/a><\/td><td><\/td><\/tr><tr><td class=\"has-text-align-left\" data-align=\"left\"><a href=\"https:\/\/colfarmi.com\/inicio\/wp-content\/uploads\/2024\/07\/Normativas%20Obras%20Sociales\/PREVENCION ART.pdf\">PREVENCION ART<\/a><\/td><td><\/td><\/tr><tr><td class=\"has-text-align-left\" data-align=\"left\"><a href=\"https:\/\/colfarmi.com\/inicio\/wp-content\/uploads\/2024\/07\/Normativas%20Obras%20Sociales\/PREVENCION SALUD.pdf\" target=\"_blank\" rel=\"noreferrer noopener\">PREVENCION SALUD<\/a><\/td><td><\/td><\/tr><tr><td class=\"has-text-align-left\" data-align=\"left\"><a href=\"https:\/\/colfarmi.com\/inicio\/wp-content\/uploads\/2024\/07\/Normativas%20Obras%20Sociales\/PROVINCIA ART.pdf\" target=\"_blank\" rel=\"noreferrer noopener\">PROVINCIA ART<\/a><\/td><td><\/td><\/tr><tr><td class=\"has-text-align-left\" data-align=\"left\"><a href=\"https:\/\/colfarmi.com\/inicio\/wp-content\/uploads\/2024\/07\/Normativas%20Obras%20Sociales\/RECETARIO-SOLIDARIO.pdf\" target=\"_blank\" rel=\"noreferrer noopener\">RECETARIO SOLIDARIO<\/a><\/td><td><\/td><\/tr><tr><td class=\"has-text-align-left\" data-align=\"left\"><a href=\"https:\/\/colfarmi.com\/inicio\/wp-content\/uploads\/2024\/07\/Normativas%20Obras%20Sociales\/Sancor%20Salud.pdf\" target=\"_blank\" rel=\"noreferrer noopener\">SANCOR SALUD<\/a><\/td><td><\/td><\/tr><tr><td class=\"has-text-align-left\" data-align=\"left\"><a href=\"https:\/\/colfarmi.com\/inicio\/wp-content\/uploads\/2024\/07\/Normativas%20Obras%20Sociales\/SERVICIO-PENITENCIARIO.pdf\">SERVICIO PENITENCIARIO FEDERAL&nbsp;<\/a><\/td><td><\/td><\/tr><tr><td class=\"has-text-align-left\" data-align=\"left\"><a href=\"https:\/\/colfarmi.com\/inicio\/wp-content\/uploads\/2024\/07\/Normativas%20Obras%20Sociales\/SCIS.pdf\">SCIS<\/a><\/td><td><\/td><\/tr><tr><td class=\"has-text-align-left\" data-align=\"left\"><a href=\"https:\/\/colfarmi.com\/inicio\/wp-content\/uploads\/2024\/07\/Normativas%20Obras%20Sociales\/SMAUNAM-NORMAS.pdf\" target=\"_blank\" rel=\"noreferrer noopener\">SMAUNAM<\/a><\/td><td><\/td><\/tr><tr><td class=\"has-text-align-left\" data-align=\"left\"><a href=\"https:\/\/colfarmi.com\/inicio\/wp-content\/uploads\/2024\/07\/Normativas%20Obras%20Sociales\/SU_SALUD.pdf\" target=\"_blank\" rel=\"noreferrer noopener\">SU SALUD<\/a><\/td><td><\/td><\/tr><tr><td class=\"has-text-align-left\" data-align=\"left\"><a href=\"https:\/\/colfarmi.com\/inicio\/wp-content\/uploads\/2024\/07\/Normativas%20Obras%20Sociales\/NORMAS%20swi.pdf\" target=\"_blank\" rel=\"noreferrer noopener\">SWISS MEDICAL<\/a><\/td><td><\/td><\/tr><tr><td class=\"has-text-align-left\" data-align=\"left\">SWISS MEDICAL ART<\/td><td><\/td><\/tr><tr><td class=\"has-text-align-left\" data-align=\"left\"><a href=\"https:\/\/colfarmi.com\/inicio\/wp-content\/uploads\/2024\/07\/Normativas%20Obras%20Sociales\/UP.pdf\" target=\"_blank\" rel=\"noreferrer noopener\">UNION PERSONAL<\/a><\/td><td><\/td><\/tr><tr><td class=\"has-text-align-left\" data-align=\"left\"><a href=\"https:\/\/colfarmi.com\/inicio\/wp-content\/uploads\/2024\/07\/Normativas%20Obras%20Sociales\/NORMATIVAS__VISITAR.pdf\">VISITAR<\/a><\/td><td><\/td><\/tr><\/tbody><\/table><\/figure>\n<\/div>\n<\/div>\n\n\n\n<p><\/p>\n","protected":false},"excerpt":{"rendered":"<p>En esta secci\u00f3n se va a encontrar con los normativas de nuestros convenios. Acondicionamiento de Paquetes OS Acondicionamiento de Recetas. Car\u00e1tulas de Presentaci\u00f3n Presentaci\u00f3n Quincenal de OS Como vemos nuestras Notas de Cr\u00e9dito. Obro Social Observaciones ANDAR-OCT 25 ASIS SALUD CEA SAN PEDRO ASOCIART ART AVALIAN EX ACA SALUD BERKLEY ART ELEVAR EXPERTA ART ART [&hellip;]<\/p>\n","protected":false},"author":2,"featured_media":0,"parent":0,"menu_order":0,"comment_status":"closed","ping_status":"open","template":"","meta":{"footnotes":""},"class_list":["post-2","page","type-page","status-publish","hentry"],"_links":{"self":[{"href":"https:\/\/colfarmi.com\/inicio\/wp-json\/wp\/v2\/pages\/2","targetHints":{"allow":["GET"]}}],"collection":[{"href":"https:\/\/colfarmi.com\/inicio\/wp-json\/wp\/v2\/pages"}],"about":[{"href":"https:\/\/colfarmi.com\/inicio\/wp-json\/wp\/v2\/types\/page"}],"author":[{"embeddable":true,"href":"https:\/\/colfarmi.com\/inicio\/wp-json\/wp\/v2\/users\/2"}],"replies":[{"embeddable":true,"href":"https:\/\/colfarmi.com\/inicio\/wp-json\/wp\/v2\/comments?post=2"}],"version-history":[{"count":78,"href":"https:\/\/colfarmi.com\/inicio\/wp-json\/wp\/v2\/pages\/2\/revisions"}],"predecessor-version":[{"id":605,"href":"https:\/\/colfarmi.com\/inicio\/wp-json\/wp\/v2\/pages\/2\/revisions\/605"}],"wp:attachment":[{"href":"https:\/\/colfarmi.com\/inicio\/wp-json\/wp\/v2\/media?parent=2"}],"curies":[{"name":"wp","href":"https:\/\/api.w.org\/{rel}","templated":true}]}}