{"id":171,"date":"2024-07-26T21:58:31","date_gmt":"2024-07-26T21:58:31","guid":{"rendered":"https:\/\/colfarmi.com\/inicio\/?page_id=171"},"modified":"2024-12-03T10:42:19","modified_gmt":"2024-12-03T10:42:19","slug":"legislacion","status":"publish","type":"page","link":"https:\/\/colfarmi.com\/inicio\/legislacion\/","title":{"rendered":"Legislaci\u00f3n"},"content":{"rendered":"\n<div class=\"wp-block-cover alignwide\" style=\"min-height:444px;aspect-ratio:unset;\"><span aria-hidden=\"true\" class=\"wp-block-cover__background has-background-dim\"><\/span><div class=\"wp-block-cover__inner-container is-layout-flow wp-block-cover-is-layout-flow\">\n<h1 class=\"wp-block-heading has-text-align-center has-x-large-font-size\">Legislaci\u00f3n Nacional<\/h1>\n\n\n\n<p class=\"has-text-align-center\">En esta secci\u00f3n encontraras los textos de la legislaci\u00f3n nacional referente al ejercicio de nuestra profesi\u00f3n.<\/p>\n\n\n\n<div class=\"wp-block-group alignwide has-global-padding is-layout-constrained wp-container-core-group-is-layout-f611be13 wp-block-group-is-layout-constrained\" style=\"padding-top:var(--wp--preset--spacing--50);padding-right:var(--wp--preset--spacing--50);padding-bottom:var(--wp--preset--spacing--50);padding-left:var(--wp--preset--spacing--50)\">\n<div class=\"wp-block-group is-layout-grid wp-container-core-group-is-layout-478b6e6b wp-block-group-is-layout-grid\">\n<p><span style=\"font-weight: 400;\"><a href=\"https:\/\/colfarmi.com\/inicio\/wp-content\/uploads\/2024\/07\/Legislaciones\/Nacional\/LEY 17565.pdf\" target=\"_blank\" rel=\"noreferrer noopener\">Ley 17565&nbsp; &#8211; Ejercicio de la actividad Farmac\u00e9utica<\/a><\/span><\/p>\n\n\n\n<p class=\"wp-container-content-69bc4bdf\"><span style=\"font-weight: 400;\"><a href=\"https:\/\/colfarmi.com\/inicio\/wp-content\/uploads\/2024\/07\/Legislaciones\/Nacional\/LEY 17818 ESTUPEFACIENTES.pdf\" target=\"_blank\" rel=\"noreferrer noopener\">Ley 17818 &#8211; Estupefacientes<\/a><\/span><\/p>\n\n\n\n<p><span style=\"font-weight: 400;\"><a href=\"https:\/\/colfarmi.com\/inicio\/wp-content\/uploads\/2024\/07\/Legislaciones\/Nacional\/LEY 19303 PSICOTROPICOS.pdf\" target=\"_blank\" rel=\"noreferrer noopener\">Ley 19303 &#8211; Psicotr\u00f3picos<\/a><\/span><\/p>\n\n\n\n<p><span style=\"font-weight: 400;\"><a href=\"https:\/\/colfarmi.com\/inicio\/wp-content\/uploads\/2024\/07\/Legislaciones\/Nacional\/Ley 20744.pdf\">Ley 20744 &#8211; R\u00e9gimen de Contrato de Trabajo<\/a><\/span><\/p>\n\n\n\n<p><span style=\"font-weight: 400;\"><a href=\"https:\/\/colfarmi.com\/inicio\/wp-content\/uploads\/2024\/07\/Legislaciones\/Nacional\/Ley 27553.pdf\">Ley 27553 &#8211;&nbsp; Receta Digital<\/a><\/span><\/p>\n\n\n\n<p><span style=\"font-weight: 400;\"><a href=\"https:\/\/colfarmi.com\/inicio\/wp-content\/uploads\/2024\/07\/Legislaciones\/Nacional\/Ley 27680.pdf\">Ley 27680 &#8211; Prevenci\u00f3n de Resistencia Antimicrobianos&nbsp;<\/a><\/span><\/p>\n<\/div>\n<\/div>\n<\/div><\/div>\n\n\n\n<div class=\"wp-block-cover alignwide\" style=\"min-height:612px;aspect-ratio:unset;\"><span aria-hidden=\"true\" class=\"wp-block-cover__background has-background-dim\"><\/span><div class=\"wp-block-cover__inner-container is-layout-flow wp-block-cover-is-layout-flow\">\n<h1 class=\"wp-block-heading has-text-align-center has-x-large-font-size\">Legislaci\u00f3n Provincial<\/h1>\n\n\n\n<p class=\"has-text-align-center\">En esta secci\u00f3n encontraras los textos de la legislaci\u00f3n provincial referente al ejercicio de nuestra profesi\u00f3n.<\/p>\n\n\n\n<div class=\"wp-block-group alignwide has-global-padding is-layout-constrained wp-container-core-group-is-layout-490fa1db wp-block-group-is-layout-constrained\" style=\"padding-top:var(--wp--preset--spacing--50);padding-right:var(--wp--preset--spacing--50);padding-bottom:var(--wp--preset--spacing--50);padding-left:var(--wp--preset--spacing--50)\">\n<div class=\"wp-block-group is-layout-grid wp-container-core-group-is-layout-478b6e6b wp-block-group-is-layout-grid\">\n<p><a href=\"https:\/\/colfarmi.com\/inicio\/wp-content\/uploads\/2024\/07\/Legislaciones\/Provincial\/Ley XVII - N 1 (Antes Decreto Ley 169-57).pdf\">Ley XVII N\u00ba 1 &#8211; R\u00e9gimen de los Colegios Profesionales en el Arte de Curar<\/a><\/p>\n\n\n\n<p><a href=\"https:\/\/colfarmi.com\/inicio\/wp-content\/uploads\/2024\/07\/Legislaciones\/Provincial\/Ley XVII - N 169 - E Salud .pdf\">Ley XVII&nbsp; N\u00ba 169 &#8211; E Salud y Adhesi\u00f3n a la Ley 27553<\/a><\/p>\n\n\n\n<p><a href=\"https:\/\/colfarmi.com\/inicio\/wp-content\/uploads\/2024\/07\/Legislaciones\/Provincial\/Ley XVII - N 93.pdf\">Ley XVII N\u00ba 93 &#8211; Del Ejercicio de la Profesi\u00f3n Farmac\u00e9utica<\/a><\/p>\n\n\n\n<p><a href=\"https:\/\/colfarmi.com\/inicio\/wp-content\/uploads\/2024\/07\/Legislaciones\/Provincial\/LEY XVII - N 33.pdf\">Ley XVII&nbsp; N\u00ba 33 &#8211; Prescripci\u00f3n de Medicamentos<\/a><\/p>\n<\/div>\n\n\n\n<h1 class=\"wp-block-heading has-text-align-center has-x-large-font-size\">Tribunal de Etica Colfarmi<\/h1>\n\n\n\n<div class=\"wp-block-group has-global-padding is-layout-constrained wp-container-core-group-is-layout-650790e1 wp-block-group-is-layout-constrained\">\n<p class=\"has-text-align-center\">En esta secci\u00f3n encontraras normativa referente a nuestro Tribunal de \u00c9tica.<\/p>\n<\/div>\n\n\n\n<div class=\"wp-block-group is-layout-grid wp-container-core-group-is-layout-478b6e6b wp-block-group-is-layout-grid\">\n<p class=\"wp-container-content-69bc4bdf\"><a href=\"https:\/\/colfarmi.com\/inicio\/wp-content\/uploads\/2024\/07\/Tribunal_Etica\/CODIGO_ETICA.pdf\">C\u00f3digo de \u00c9tica del Colegio de Farmac\u00e9uticos y Qu\u00edmicos de Misiones<\/a><\/p>\n\n\n\n<p><a href=\"https:\/\/colfarmi.com\/inicio\/wp-content\/uploads\/2024\/07\/Tribunal_Etica\/Tramite para hacer exposicion.pdf\">Tr\u00e1mite para hacer una exposici\u00f3n<\/a><\/p>\n<\/div>\n<\/div>\n<\/div><\/div>\n\n\n\n<div class=\"wp-block-group is-vertical is-layout-flex wp-container-core-group-is-layout-fe9cc265 wp-block-group-is-layout-flex\">\n<div class=\"wp-block-columns is-layout-flex wp-container-core-columns-is-layout-28f84493 wp-block-columns-is-layout-flex\">\n<div class=\"wp-block-column is-layout-flow wp-block-column-is-layout-flow\" style=\"flex-basis:100%\">\n<h1 class=\"wp-block-heading has-text-align-center has-x-large-font-size\">Informaci\u00f3n Legislativa<\/h1>\n\n\n\n<p class=\"has-text-align-center\">En esta secci\u00f3n encontraras los textos de la legislaciones referente al ejercicio de nuestra profesi\u00f3n.<\/p>\n\n\n\n<div class=\"wp-block-group alignwide has-global-padding is-layout-constrained wp-container-core-group-is-layout-490fa1db wp-block-group-is-layout-constrained\" style=\"padding-top:var(--wp--preset--spacing--50);padding-right:var(--wp--preset--spacing--50);padding-bottom:var(--wp--preset--spacing--50);padding-left:var(--wp--preset--spacing--50)\">\n<div class=\"wp-block-group is-layout-grid wp-container-core-group-is-layout-478b6e6b wp-block-group-is-layout-grid\">\n<p><a href=\"https:\/\/colfarmi.com\/inicio\/wp-content\/uploads\/2024\/07\/Legislaciones\/Varios\/Bolet-Oficial 15387.pdf\">Bolet\u00edn Oficial 15387<\/a><\/p>\n\n\n\n<p><a href=\"https:\/\/colfarmi.com\/inicio\/wp-content\/uploads\/2024\/07\/Legislaciones\/Varios\/Convenio-MDS-y-Colegio-Agrimensores.pdf\">Convenio MDS y Colegio de Agrimensores<\/a><\/p>\n\n\n\n<p class=\"wp-container-content-69bc4bdf\"><a href=\"https:\/\/colfarmi.com\/inicio\/wp-content\/uploads\/2024\/07\/Legislaciones\/Varios\/ESTATUTO-APROBADO-2017.pdf\">Estatuto Aprobado<\/a><\/p>\n\n\n\n<p><a href=\"https:\/\/colfarmi.com\/inicio\/wp-content\/uploads\/2024\/07\/Legislaciones\/Varios\/Resolucion-Ministerial-751.pdf\">Resoluci\u00f3n Ministerial 751<\/a><\/p>\n\n\n\n<p class=\"wp-container-content-69bc4bdf\" id=\"leyes-legislacion-LEYES-LEY\"><a href=\"https:\/\/colfarmi.com\/inicio\/wp-content\/uploads\/2024\/07\/Legislaciones\/Varios\/Resolucion1490Buenas_Practicas_Misiones.pdf\">Resoluci\u00f3n  1490 \u00abBuenas Pr\u00e1cticas Misiones\u00bb<\/a><\/p>\n\n\n\n<p class=\"wp-container-content-69bc4bdf\"><a href=\"https:\/\/colfarmi.com\/inicio\/wp-content\/uploads\/2024\/07\/Legislaciones\/Varios\/RESOLUCION_2310y1283.pdf\">Resoluci\u00f3n  2310 y 1283<\/a><\/p>\n<\/div>\n<\/div>\n<\/div>\n<\/div>\n<\/div>\n\n\n\n<p><\/p>\n","protected":false},"excerpt":{"rendered":"<p>Informaci\u00f3n Legislativa En esta secci\u00f3n encontraras los textos de la legislaciones referente al ejercicio de nuestra profesi\u00f3n. Bolet\u00edn Oficial 15387 Convenio MDS y Colegio de Agrimensores Estatuto Aprobado Resoluci\u00f3n Ministerial 751 Resoluci\u00f3n 1490 \u00abBuenas Pr\u00e1cticas Misiones\u00bb Resoluci\u00f3n 2310 y 1283<\/p>\n","protected":false},"author":2,"featured_media":0,"parent":0,"menu_order":0,"comment_status":"closed","ping_status":"closed","template":"","meta":{"footnotes":""},"class_list":["post-171","page","type-page","status-publish","hentry"],"_links":{"self":[{"href":"https:\/\/colfarmi.com\/inicio\/wp-json\/wp\/v2\/pages\/171","targetHints":{"allow":["GET"]}}],"collection":[{"href":"https:\/\/colfarmi.com\/inicio\/wp-json\/wp\/v2\/pages"}],"about":[{"href":"https:\/\/colfarmi.com\/inicio\/wp-json\/wp\/v2\/types\/page"}],"author":[{"embeddable":true,"href":"https:\/\/colfarmi.com\/inicio\/wp-json\/wp\/v2\/users\/2"}],"replies":[{"embeddable":true,"href":"https:\/\/colfarmi.com\/inicio\/wp-json\/wp\/v2\/comments?post=171"}],"version-history":[{"count":39,"href":"https:\/\/colfarmi.com\/inicio\/wp-json\/wp\/v2\/pages\/171\/revisions"}],"predecessor-version":[{"id":373,"href":"https:\/\/colfarmi.com\/inicio\/wp-json\/wp\/v2\/pages\/171\/revisions\/373"}],"wp:attachment":[{"href":"https:\/\/colfarmi.com\/inicio\/wp-json\/wp\/v2\/media?parent=171"}],"curies":[{"name":"wp","href":"https:\/\/api.w.org\/{rel}","templated":true}]}}