{"id":111,"date":"2024-07-22T19:47:17","date_gmt":"2024-07-22T19:47:17","guid":{"rendered":"https:\/\/colfarmi.com\/inicio\/?page_id=111"},"modified":"2025-06-23T13:17:59","modified_gmt":"2025-06-23T13:17:59","slug":"comision-directiva","status":"publish","type":"page","link":"https:\/\/colfarmi.com\/inicio\/comision-directiva\/","title":{"rendered":"Colegio de Farmac\u00e9uticos y Qu\u00edmicos de Misiones."},"content":{"rendered":"\n<div class=\"wp-block-group alignfull has-global-padding is-layout-constrained wp-container-core-group-is-layout-669513ed wp-block-group-is-layout-constrained\" style=\"margin-top:0;margin-bottom:0;padding-top:var(--wp--preset--spacing--50);padding-right:var(--wp--preset--spacing--50);padding-bottom:var(--wp--preset--spacing--50);padding-left:var(--wp--preset--spacing--50)\">\n<div class=\"wp-block-group is-vertical is-content-justification-center is-layout-flex wp-container-core-group-is-layout-ce155fab wp-block-group-is-layout-flex\">\n<p class=\"has-text-align-center\">Autoridades 2023<\/p>\n<\/div>\n\n\n\n<div class=\"wp-block-columns alignwide is-layout-flex wp-container-core-columns-is-layout-4935966c wp-block-columns-is-layout-flex\" style=\"padding-right:0;padding-left:0\">\n<div class=\"wp-block-column is-layout-flow wp-block-column-is-layout-flow\">\n<figure class=\"wp-block-image size-full is-style-rounded is-style-rounded--1\"><img loading=\"lazy\" decoding=\"async\" width=\"1103\" height=\"1100\" src=\"https:\/\/colfarmi.com\/inicio\/wp-content\/uploads\/2024\/07\/Vania.jpg\" alt=\"\" class=\"wp-image-113\" style=\"aspect-ratio:1;object-fit:cover\" srcset=\"https:\/\/colfarmi.com\/inicio\/wp-content\/uploads\/2024\/07\/Vania.jpg 1103w, https:\/\/colfarmi.com\/inicio\/wp-content\/uploads\/2024\/07\/Vania-300x300.jpg 300w, https:\/\/colfarmi.com\/inicio\/wp-content\/uploads\/2024\/07\/Vania-1024x1021.jpg 1024w, https:\/\/colfarmi.com\/inicio\/wp-content\/uploads\/2024\/07\/Vania-150x150.jpg 150w, https:\/\/colfarmi.com\/inicio\/wp-content\/uploads\/2024\/07\/Vania-768x766.jpg 768w\" sizes=\"auto, (max-width: 1103px) 100vw, 1103px\" \/><\/figure>\n\n\n\n<div class=\"wp-block-group is-vertical is-content-justification-center is-nowrap is-layout-flex wp-container-core-group-is-layout-21d4e958 wp-block-group-is-layout-flex\">\n<p class=\"has-text-align-center has-small-font-size\"><strong> Vania Beatriz<\/strong> <strong>Ilchuk<\/strong><\/p>\n\n\n\n<p class=\"has-text-align-center has-small-font-size\">Presidente<\/p>\n\n\n\n<p class=\"has-text-align-center has-small-font-size\"><\/p>\n<\/div>\n<\/div>\n\n\n\n<div class=\"wp-block-column is-layout-flow wp-block-column-is-layout-flow\">\n<figure class=\"wp-block-image size-full is-style-rounded is-style-rounded--2\"><img loading=\"lazy\" decoding=\"async\" width=\"640\" height=\"640\" src=\"https:\/\/colfarmi.com\/inicio\/wp-content\/uploads\/2024\/07\/Lorena.jpg\" alt=\"\" class=\"wp-image-114\" style=\"aspect-ratio:1;object-fit:cover\" srcset=\"https:\/\/colfarmi.com\/inicio\/wp-content\/uploads\/2024\/07\/Lorena.jpg 640w, https:\/\/colfarmi.com\/inicio\/wp-content\/uploads\/2024\/07\/Lorena-300x300.jpg 300w, https:\/\/colfarmi.com\/inicio\/wp-content\/uploads\/2024\/07\/Lorena-150x150.jpg 150w\" sizes=\"auto, (max-width: 640px) 100vw, 640px\" \/><\/figure>\n\n\n\n<div class=\"wp-block-group is-vertical is-content-justification-center is-nowrap is-layout-flex wp-container-core-group-is-layout-63bfd6c1 wp-block-group-is-layout-flex\">\n<p class=\"has-text-align-center has-small-font-size\"><strong> Daissy Lorena<\/strong> <strong>Schtainer Hendrie<\/strong><\/p>\n\n\n\n<p class=\"has-text-align-center has-small-font-size\">Vice-Presidente<\/p>\n<\/div>\n<\/div>\n\n\n\n<div class=\"wp-block-column is-layout-flow wp-block-column-is-layout-flow\">\n<figure class=\"wp-block-image size-full is-style-rounded is-style-rounded--3\"><img loading=\"lazy\" decoding=\"async\" width=\"1032\" height=\"581\" src=\"https:\/\/colfarmi.com\/inicio\/wp-content\/uploads\/2024\/07\/Clarisa.jpg\" alt=\"\" class=\"wp-image-117\" style=\"aspect-ratio:1;object-fit:cover\" srcset=\"https:\/\/colfarmi.com\/inicio\/wp-content\/uploads\/2024\/07\/Clarisa.jpg 1032w, https:\/\/colfarmi.com\/inicio\/wp-content\/uploads\/2024\/07\/Clarisa-300x169.jpg 300w, https:\/\/colfarmi.com\/inicio\/wp-content\/uploads\/2024\/07\/Clarisa-1024x576.jpg 1024w, https:\/\/colfarmi.com\/inicio\/wp-content\/uploads\/2024\/07\/Clarisa-768x432.jpg 768w\" sizes=\"auto, (max-width: 1032px) 100vw, 1032px\" \/><\/figure>\n\n\n\n<div class=\"wp-block-group is-vertical is-content-justification-center is-nowrap is-layout-flex wp-container-core-group-is-layout-21d4e958 wp-block-group-is-layout-flex\">\n<p class=\"has-text-align-center has-small-font-size\"><strong><strong> Clarisa Cynthya Gonz\u00e1les<\/strong><\/strong><\/p>\n\n\n\n<p class=\"has-text-align-center has-small-font-size\">Secretaria<\/p>\n<\/div>\n<\/div>\n\n\n\n<div class=\"wp-block-column is-layout-flow wp-block-column-is-layout-flow\">\n<figure class=\"wp-block-image size-full is-style-rounded is-style-rounded--4\"><img loading=\"lazy\" decoding=\"async\" width=\"561\" height=\"383\" src=\"https:\/\/colfarmi.com\/inicio\/wp-content\/uploads\/2024\/07\/Fabricio.jpg\" alt=\"\" class=\"wp-image-116\" style=\"aspect-ratio:1;object-fit:cover\" srcset=\"https:\/\/colfarmi.com\/inicio\/wp-content\/uploads\/2024\/07\/Fabricio.jpg 561w, https:\/\/colfarmi.com\/inicio\/wp-content\/uploads\/2024\/07\/Fabricio-300x205.jpg 300w\" sizes=\"auto, (max-width: 561px) 100vw, 561px\" \/><\/figure>\n\n\n\n<div class=\"wp-block-group is-vertical is-content-justification-center is-nowrap is-layout-flex wp-container-core-group-is-layout-63bfd6c1 wp-block-group-is-layout-flex\">\n<p class=\"has-text-align-center has-small-font-size\"><strong>Fabrisio Exequiel Viveros<\/strong><\/p>\n\n\n\n<p class=\"has-text-align-center has-small-font-size\">Tesorero<\/p>\n<\/div>\n<\/div>\n<\/div>\n<\/div>\n\n\n\n<div class=\"wp-block-group alignfull has-global-padding is-layout-constrained wp-container-core-group-is-layout-669513ed wp-block-group-is-layout-constrained\" style=\"margin-top:0;margin-bottom:0;padding-top:var(--wp--preset--spacing--50);padding-right:var(--wp--preset--spacing--50);padding-bottom:var(--wp--preset--spacing--50);padding-left:var(--wp--preset--spacing--50)\">\n<div class=\"wp-block-group alignfull is-content-justification-center is-nowrap is-layout-flex wp-container-core-group-is-layout-23441af8 wp-block-group-is-layout-flex\">\n<div style=\"height:var(--wp--preset--spacing--30);width:0px\" aria-hidden=\"true\" class=\"wp-block-spacer wp-container-content-32e3a40d\"><\/div>\n\n\n\n<div class=\"wp-block-columns alignwide is-layout-flex wp-container-core-columns-is-layout-4935966c wp-block-columns-is-layout-flex\" style=\"padding-right:0;padding-left:0\">\n<div class=\"wp-block-column is-layout-flow wp-block-column-is-layout-flow\">\n<figure class=\"wp-block-image size-full is-resized is-style-rounded is-style-rounded--5\"><img loading=\"lazy\" decoding=\"async\" width=\"750\" height=\"849\" src=\"https:\/\/colfarmi.com\/inicio\/wp-content\/uploads\/2024\/07\/IMG-20240722-WA0009.jpg\" alt=\"\" class=\"wp-image-115\" style=\"aspect-ratio:1;object-fit:cover;width:183px;height:auto\" srcset=\"https:\/\/colfarmi.com\/inicio\/wp-content\/uploads\/2024\/07\/IMG-20240722-WA0009.jpg 750w, https:\/\/colfarmi.com\/inicio\/wp-content\/uploads\/2024\/07\/IMG-20240722-WA0009-265x300.jpg 265w\" sizes=\"auto, (max-width: 750px) 100vw, 750px\" \/><\/figure>\n\n\n\n<div class=\"wp-block-group is-vertical is-content-justification-center is-nowrap is-layout-flex wp-container-core-group-is-layout-21d4e958 wp-block-group-is-layout-flex\">\n<p class=\"has-text-align-center has-small-font-size\"><strong>Mariela Andrea Flores<\/strong><\/p>\n\n\n\n<p class=\"has-text-align-center has-small-font-size\">Vocal Primero<\/p>\n\n\n\n<p class=\"has-text-align-center has-small-font-size\"><\/p>\n<\/div>\n<\/div>\n\n\n\n<div class=\"wp-block-column is-vertically-aligned-center is-layout-flow wp-block-column-is-layout-flow\">\n<figure class=\"wp-block-image aligncenter size-full is-resized is-style-rounded is-style-rounded--6\"><img loading=\"lazy\" decoding=\"async\" width=\"1200\" height=\"1600\" src=\"https:\/\/colfarmi.com\/inicio\/wp-content\/uploads\/2025\/06\/foto-Carolina.jpeg\" alt=\"\" class=\"wp-image-503\" style=\"aspect-ratio:1;object-fit:cover;width:228px;height:auto\" srcset=\"https:\/\/colfarmi.com\/inicio\/wp-content\/uploads\/2025\/06\/foto-Carolina.jpeg 1200w, https:\/\/colfarmi.com\/inicio\/wp-content\/uploads\/2025\/06\/foto-Carolina-225x300.jpeg 225w, https:\/\/colfarmi.com\/inicio\/wp-content\/uploads\/2025\/06\/foto-Carolina-768x1024.jpeg 768w, https:\/\/colfarmi.com\/inicio\/wp-content\/uploads\/2025\/06\/foto-Carolina-1152x1536.jpeg 1152w\" sizes=\"auto, (max-width: 1200px) 100vw, 1200px\" \/><\/figure>\n\n\n\n<div class=\"wp-block-group is-vertical is-content-justification-center is-nowrap is-layout-flex wp-container-core-group-is-layout-63bfd6c1 wp-block-group-is-layout-flex\">\n<p class=\"has-text-align-center has-small-font-size\"><strong>Carolina Andrea Laphitz<\/strong><\/p>\n\n\n\n<p class=\"has-text-align-center has-small-font-size\">Vocal Segundo<\/p>\n<\/div>\n<\/div>\n\n\n\n<div class=\"wp-block-column is-vertically-aligned-center is-layout-flow wp-block-column-is-layout-flow\">\n<figure class=\"wp-block-image size-full is-resized is-style-rounded is-style-rounded--7\"><img loading=\"lazy\" decoding=\"async\" width=\"1772\" height=\"1772\" src=\"https:\/\/colfarmi.com\/inicio\/wp-content\/uploads\/2025\/06\/IMG_0683.jpeg\" alt=\"\" class=\"wp-image-504\" style=\"aspect-ratio:1;object-fit:contain;width:204px;height:auto\" srcset=\"https:\/\/colfarmi.com\/inicio\/wp-content\/uploads\/2025\/06\/IMG_0683.jpeg 1772w, https:\/\/colfarmi.com\/inicio\/wp-content\/uploads\/2025\/06\/IMG_0683-300x300.jpeg 300w, https:\/\/colfarmi.com\/inicio\/wp-content\/uploads\/2025\/06\/IMG_0683-1024x1024.jpeg 1024w, https:\/\/colfarmi.com\/inicio\/wp-content\/uploads\/2025\/06\/IMG_0683-150x150.jpeg 150w, https:\/\/colfarmi.com\/inicio\/wp-content\/uploads\/2025\/06\/IMG_0683-768x768.jpeg 768w, https:\/\/colfarmi.com\/inicio\/wp-content\/uploads\/2025\/06\/IMG_0683-1536x1536.jpeg 1536w\" sizes=\"auto, (max-width: 1772px) 100vw, 1772px\" \/><\/figure>\n\n\n\n<div class=\"wp-block-group is-vertical is-content-justification-center is-nowrap is-layout-flex wp-container-core-group-is-layout-21d4e958 wp-block-group-is-layout-flex\">\n<p class=\"has-text-align-center has-small-font-size\"><strong>Roberto Omar Werenczuk<\/strong><\/p>\n\n\n\n<p class=\"has-text-align-center has-small-font-size\">Vocal Suplente<\/p>\n<\/div>\n<\/div>\n<\/div>\n<\/div>\n<\/div>\n\n\n\n<div class=\"wp-block-group alignfull has-global-padding is-layout-constrained wp-container-core-group-is-layout-669513ed wp-block-group-is-layout-constrained\" style=\"margin-top:0;margin-bottom:0;padding-top:var(--wp--preset--spacing--50);padding-right:var(--wp--preset--spacing--50);padding-bottom:var(--wp--preset--spacing--50);padding-left:var(--wp--preset--spacing--50)\">\n<div class=\"wp-block-group alignwide is-content-justification-center is-nowrap is-layout-flex wp-container-core-group-is-layout-23441af8 wp-block-group-is-layout-flex\">\n<div style=\"height:var(--wp--preset--spacing--30);width:0px\" aria-hidden=\"true\" class=\"wp-block-spacer wp-container-content-32e3a40d\"><\/div>\n\n\n\n<div class=\"wp-block-columns alignwide is-layout-flex wp-container-core-columns-is-layout-4935966c wp-block-columns-is-layout-flex\" style=\"padding-right:0;padding-left:0\">\n<div class=\"wp-block-column is-vertically-aligned-center is-layout-flow wp-block-column-is-layout-flow\">\n<figure class=\"wp-block-image size-full is-resized is-style-rounded is-style-rounded--8\"><img loading=\"lazy\" decoding=\"async\" width=\"900\" height=\"1600\" src=\"https:\/\/colfarmi.com\/inicio\/wp-content\/uploads\/2025\/06\/Foto-Guillermo-Monge.jpeg\" alt=\"\" class=\"wp-image-505\" style=\"aspect-ratio:1;object-fit:contain;width:231px;height:auto\" srcset=\"https:\/\/colfarmi.com\/inicio\/wp-content\/uploads\/2025\/06\/Foto-Guillermo-Monge.jpeg 900w, https:\/\/colfarmi.com\/inicio\/wp-content\/uploads\/2025\/06\/Foto-Guillermo-Monge-169x300.jpeg 169w, https:\/\/colfarmi.com\/inicio\/wp-content\/uploads\/2025\/06\/Foto-Guillermo-Monge-576x1024.jpeg 576w, https:\/\/colfarmi.com\/inicio\/wp-content\/uploads\/2025\/06\/Foto-Guillermo-Monge-768x1365.jpeg 768w, https:\/\/colfarmi.com\/inicio\/wp-content\/uploads\/2025\/06\/Foto-Guillermo-Monge-864x1536.jpeg 864w\" sizes=\"auto, (max-width: 900px) 100vw, 900px\" \/><\/figure>\n\n\n\n<div class=\"wp-block-group is-vertical is-content-justification-center is-nowrap is-layout-flex wp-container-core-group-is-layout-21d4e958 wp-block-group-is-layout-flex\">\n<p class=\"has-text-align-center has-small-font-size\"><strong>Guillermo Daniel Monge<\/strong><\/p>\n\n\n\n<p class=\"has-text-align-center has-small-font-size\">Revisor de Cuentas Titular<\/p>\n<\/div>\n<\/div>\n\n\n\n<div class=\"wp-block-column is-vertically-aligned-center is-layout-flow wp-block-column-is-layout-flow\">\n<figure class=\"wp-block-image size-full is-resized is-style-rounded is-style-rounded--9\"><img loading=\"lazy\" decoding=\"async\" width=\"1772\" height=\"1772\" src=\"https:\/\/colfarmi.com\/inicio\/wp-content\/uploads\/2025\/06\/IMG_0683-3.jpeg\" alt=\"\" class=\"wp-image-510\" style=\"aspect-ratio:1;object-fit:cover;width:216px;height:auto\" srcset=\"https:\/\/colfarmi.com\/inicio\/wp-content\/uploads\/2025\/06\/IMG_0683-3.jpeg 1772w, https:\/\/colfarmi.com\/inicio\/wp-content\/uploads\/2025\/06\/IMG_0683-3-300x300.jpeg 300w, https:\/\/colfarmi.com\/inicio\/wp-content\/uploads\/2025\/06\/IMG_0683-3-1024x1024.jpeg 1024w, https:\/\/colfarmi.com\/inicio\/wp-content\/uploads\/2025\/06\/IMG_0683-3-150x150.jpeg 150w, https:\/\/colfarmi.com\/inicio\/wp-content\/uploads\/2025\/06\/IMG_0683-3-768x768.jpeg 768w, https:\/\/colfarmi.com\/inicio\/wp-content\/uploads\/2025\/06\/IMG_0683-3-1536x1536.jpeg 1536w\" sizes=\"auto, (max-width: 1772px) 100vw, 1772px\" \/><\/figure>\n\n\n\n<div class=\"wp-block-group is-vertical is-content-justification-center is-nowrap is-layout-flex wp-container-core-group-is-layout-21d4e958 wp-block-group-is-layout-flex\">\n<p class=\"has-text-align-center has-small-font-size\"><strong>Mariela Almonacid<\/strong><\/p>\n\n\n\n<p class=\"has-text-align-center has-small-font-size\">Revisor de Cuentas Titular<\/p>\n<\/div>\n<\/div>\n\n\n\n<div class=\"wp-block-column is-vertically-aligned-center is-layout-flow wp-block-column-is-layout-flow\">\n<figure class=\"wp-block-image size-full is-resized is-style-rounded is-style-rounded--10\"><img loading=\"lazy\" decoding=\"async\" width=\"1600\" height=\"1600\" src=\"https:\/\/colfarmi.com\/inicio\/wp-content\/uploads\/2025\/06\/Foto-Melody.jpeg\" alt=\"\" class=\"wp-image-507\" style=\"aspect-ratio:1;object-fit:contain;width:210px;height:auto\" srcset=\"https:\/\/colfarmi.com\/inicio\/wp-content\/uploads\/2025\/06\/Foto-Melody.jpeg 1600w, https:\/\/colfarmi.com\/inicio\/wp-content\/uploads\/2025\/06\/Foto-Melody-300x300.jpeg 300w, https:\/\/colfarmi.com\/inicio\/wp-content\/uploads\/2025\/06\/Foto-Melody-1024x1024.jpeg 1024w, https:\/\/colfarmi.com\/inicio\/wp-content\/uploads\/2025\/06\/Foto-Melody-150x150.jpeg 150w, https:\/\/colfarmi.com\/inicio\/wp-content\/uploads\/2025\/06\/Foto-Melody-768x768.jpeg 768w, https:\/\/colfarmi.com\/inicio\/wp-content\/uploads\/2025\/06\/Foto-Melody-1536x1536.jpeg 1536w\" sizes=\"auto, (max-width: 1600px) 100vw, 1600px\" \/><\/figure>\n\n\n\n<div class=\"wp-block-group is-vertical is-content-justification-center is-nowrap is-layout-flex wp-container-core-group-is-layout-21d4e958 wp-block-group-is-layout-flex\">\n<p class=\"has-text-align-center has-small-font-size\"><strong>Melody Eliana Zacarias Smigel<\/strong><\/p>\n\n\n\n<p class=\"has-text-align-center has-small-font-size\">Revisor de Cuentas Suplente<\/p>\n<\/div>\n\n\n\n<figure class=\"wp-block-image size-full is-resized is-style-rounded is-style-rounded--11\"><img loading=\"lazy\" decoding=\"async\" width=\"1772\" height=\"1772\" src=\"https:\/\/colfarmi.com\/inicio\/wp-content\/uploads\/2025\/06\/IMG_0683-2.jpeg\" alt=\"\" class=\"wp-image-509\" style=\"aspect-ratio:1;object-fit:contain;width:210px;height:auto\" srcset=\"https:\/\/colfarmi.com\/inicio\/wp-content\/uploads\/2025\/06\/IMG_0683-2.jpeg 1772w, https:\/\/colfarmi.com\/inicio\/wp-content\/uploads\/2025\/06\/IMG_0683-2-300x300.jpeg 300w, https:\/\/colfarmi.com\/inicio\/wp-content\/uploads\/2025\/06\/IMG_0683-2-1024x1024.jpeg 1024w, https:\/\/colfarmi.com\/inicio\/wp-content\/uploads\/2025\/06\/IMG_0683-2-150x150.jpeg 150w, https:\/\/colfarmi.com\/inicio\/wp-content\/uploads\/2025\/06\/IMG_0683-2-768x768.jpeg 768w, https:\/\/colfarmi.com\/inicio\/wp-content\/uploads\/2025\/06\/IMG_0683-2-1536x1536.jpeg 1536w\" sizes=\"auto, (max-width: 1772px) 100vw, 1772px\" \/><\/figure>\n<\/div>\n<\/div>\n<\/div>\n\n\n\n<div class=\"wp-block-group is-vertical is-content-justification-center is-nowrap is-layout-flex wp-container-core-group-is-layout-21d4e958 wp-block-group-is-layout-flex\">\n<p class=\"has-text-align-center has-small-font-size\"><strong>Daniel Zapata<\/strong><\/p>\n\n\n\n<p class=\"has-text-align-center has-small-font-size\">Revisor de Cuentas Suplente<\/p>\n<\/div>\n<\/div>\n\n\n\n<div class=\"wp-block-group alignfull has-global-padding is-layout-constrained wp-container-core-group-is-layout-d89aad35 wp-block-group-is-layout-constrained\" style=\"margin-top:0;margin-bottom:0;padding-top:var(--wp--preset--spacing--50);padding-right:var(--wp--preset--spacing--50);padding-bottom:var(--wp--preset--spacing--50);padding-left:var(--wp--preset--spacing--50)\">\n<div class=\"wp-block-group alignwide has-base-2-background-color has-background is-layout-flow wp-block-group-is-layout-flow\" style=\"border-radius:16px;padding-top:var(--wp--preset--spacing--50);padding-right:var(--wp--preset--spacing--50);padding-bottom:var(--wp--preset--spacing--50);padding-left:var(--wp--preset--spacing--50)\">\n<p class=\"has-text-align-center\">Nuestro Tribunal de \u00c9tica<\/p>\n\n\n\n<p>Nuestro Tribunal de \u00c9tica est\u00e1 compuesto por los siguientes Farmac\u00e9uticos:<\/p>\n\n\n\n<p>Farm. NATALIA RODRIGUEZ<br>Farm. JORGE DUARTE<br>Farm. CRISTINA NAKATSUKA<br>Farm. EVELIN ZAHNIBIDA<br>Farm. ROMINA RIVAS<\/p>\n\n\n\n<div class=\"wp-block-group alignwide is-content-justification-center is-layout-flex wp-container-core-group-is-layout-f95ffa09 wp-block-group-is-layout-flex\" style=\"padding-top:0;padding-right:0;padding-bottom:0;padding-left:0\">\n<figure class=\"wp-block-image size-full is-resized\"><img loading=\"lazy\" decoding=\"async\" width=\"1080\" height=\"1350\" src=\"https:\/\/colfarmi.com\/inicio\/wp-content\/uploads\/2025\/06\/Foto-Naty.jpeg\" alt=\"\" class=\"wp-image-506\" style=\"aspect-ratio:1;object-fit:contain;width:150px\" srcset=\"https:\/\/colfarmi.com\/inicio\/wp-content\/uploads\/2025\/06\/Foto-Naty.jpeg 1080w, https:\/\/colfarmi.com\/inicio\/wp-content\/uploads\/2025\/06\/Foto-Naty-240x300.jpeg 240w, https:\/\/colfarmi.com\/inicio\/wp-content\/uploads\/2025\/06\/Foto-Naty-819x1024.jpeg 819w, https:\/\/colfarmi.com\/inicio\/wp-content\/uploads\/2025\/06\/Foto-Naty-768x960.jpeg 768w\" sizes=\"auto, (max-width: 1080px) 100vw, 1080px\" \/><\/figure>\n\n\n\n<figure class=\"wp-block-image size-full is-resized\"><img loading=\"lazy\" decoding=\"async\" width=\"544\" height=\"774\" src=\"https:\/\/colfarmi.com\/inicio\/wp-content\/uploads\/2025\/06\/Foto-Jorge.jpeg\" alt=\"\" class=\"wp-image-511\" style=\"aspect-ratio:1;object-fit:contain;width:150px\" srcset=\"https:\/\/colfarmi.com\/inicio\/wp-content\/uploads\/2025\/06\/Foto-Jorge.jpeg 544w, https:\/\/colfarmi.com\/inicio\/wp-content\/uploads\/2025\/06\/Foto-Jorge-211x300.jpeg 211w\" sizes=\"auto, (max-width: 544px) 100vw, 544px\" \/><\/figure>\n\n\n\n<figure class=\"wp-block-image size-large is-resized\"><img loading=\"lazy\" decoding=\"async\" width=\"570\" height=\"1024\" src=\"https:\/\/colfarmi.com\/inicio\/wp-content\/uploads\/2024\/07\/Cristina-570x1024.jpg\" alt=\"\" class=\"wp-image-118\" style=\"aspect-ratio:1;object-fit:contain;width:150px\" srcset=\"https:\/\/colfarmi.com\/inicio\/wp-content\/uploads\/2024\/07\/Cristina-570x1024.jpg 570w, https:\/\/colfarmi.com\/inicio\/wp-content\/uploads\/2024\/07\/Cristina-167x300.jpg 167w, https:\/\/colfarmi.com\/inicio\/wp-content\/uploads\/2024\/07\/Cristina.jpg 712w\" sizes=\"auto, (max-width: 570px) 100vw, 570px\" \/><\/figure>\n\n\n\n<figure class=\"wp-block-image size-full is-resized\"><img loading=\"lazy\" decoding=\"async\" width=\"594\" height=\"715\" src=\"https:\/\/colfarmi.com\/inicio\/wp-content\/uploads\/2025\/06\/Foto-Evelyn-Zahnibida.jpeg\" alt=\"\" class=\"wp-image-512\" style=\"aspect-ratio:1;object-fit:contain;width:150px\" srcset=\"https:\/\/colfarmi.com\/inicio\/wp-content\/uploads\/2025\/06\/Foto-Evelyn-Zahnibida.jpeg 594w, https:\/\/colfarmi.com\/inicio\/wp-content\/uploads\/2025\/06\/Foto-Evelyn-Zahnibida-249x300.jpeg 249w\" sizes=\"auto, (max-width: 594px) 100vw, 594px\" \/><\/figure>\n\n\n\n<figure class=\"wp-block-image size-full is-resized\"><img loading=\"lazy\" decoding=\"async\" width=\"750\" height=\"1060\" src=\"https:\/\/colfarmi.com\/inicio\/wp-content\/uploads\/2024\/07\/IMG-20240722-WA0013-2.jpg\" alt=\"\" class=\"wp-image-130\" style=\"aspect-ratio:1.3333333333333333;object-fit:contain;width:216px;height:auto\" srcset=\"https:\/\/colfarmi.com\/inicio\/wp-content\/uploads\/2024\/07\/IMG-20240722-WA0013-2.jpg 750w, https:\/\/colfarmi.com\/inicio\/wp-content\/uploads\/2024\/07\/IMG-20240722-WA0013-2-212x300.jpg 212w, https:\/\/colfarmi.com\/inicio\/wp-content\/uploads\/2024\/07\/IMG-20240722-WA0013-2-725x1024.jpg 725w\" sizes=\"auto, (max-width: 750px) 100vw, 750px\" \/><\/figure>\n<\/div>\n<\/div>\n<\/div>\n\n\n\n<div class=\"wp-block-group alignfull has-global-padding is-layout-constrained wp-container-core-group-is-layout-d89aad35 wp-block-group-is-layout-constrained\" style=\"margin-top:0;margin-bottom:0;padding-top:var(--wp--preset--spacing--50);padding-right:var(--wp--preset--spacing--50);padding-bottom:var(--wp--preset--spacing--50);padding-left:var(--wp--preset--spacing--50)\">\n<div class=\"wp-block-columns alignwide are-vertically-aligned-center is-layout-flex wp-container-core-columns-is-layout-47c06fe3 wp-block-columns-is-layout-flex\">\n<div class=\"wp-block-column is-vertically-aligned-center is-layout-flow wp-block-column-is-layout-flow\" style=\"flex-basis:50%\">\n<h2 class=\"wp-block-heading\">Comisi\u00f3n Directiva.<\/h2>\n\n\n\n<ul style=\"line-height:1.75\" class=\"wp-block-list is-style-checkmark-list\">\n<li>Ejecutivo.<\/li>\n\n\n\n<li>Tesorer\u00eda y Revisores de Cuenta.<\/li>\n\n\n\n<li>Vocales.<\/li>\n<\/ul>\n<\/div>\n\n\n\n<div class=\"wp-block-column is-vertically-aligned-center is-layout-flow wp-block-column-is-layout-flow\" style=\"flex-basis:50%\"><\/div>\n<\/div>\n<\/div>\n\n\n\n<p><\/p>\n","protected":false},"excerpt":{"rendered":"<p>Autoridades 2023 Vania Beatriz Ilchuk Presidente Daissy Lorena Schtainer Hendrie Vice-Presidente Clarisa Cynthya Gonz\u00e1les Secretaria Fabrisio Exequiel Viveros Tesorero Mariela Andrea Flores Vocal Primero Carolina Andrea Laphitz Vocal Segundo Roberto Omar Werenczuk Vocal Suplente Guillermo Daniel Monge Revisor de Cuentas Titular Mariela Almonacid Revisor de Cuentas Titular Melody Eliana Zacarias Smigel Revisor de Cuentas Suplente [&hellip;]<\/p>\n","protected":false},"author":2,"featured_media":0,"parent":0,"menu_order":0,"comment_status":"closed","ping_status":"closed","template":"","meta":{"footnotes":""},"class_list":["post-111","page","type-page","status-publish","hentry"],"_links":{"self":[{"href":"https:\/\/colfarmi.com\/inicio\/wp-json\/wp\/v2\/pages\/111","targetHints":{"allow":["GET"]}}],"collection":[{"href":"https:\/\/colfarmi.com\/inicio\/wp-json\/wp\/v2\/pages"}],"about":[{"href":"https:\/\/colfarmi.com\/inicio\/wp-json\/wp\/v2\/types\/page"}],"author":[{"embeddable":true,"href":"https:\/\/colfarmi.com\/inicio\/wp-json\/wp\/v2\/users\/2"}],"replies":[{"embeddable":true,"href":"https:\/\/colfarmi.com\/inicio\/wp-json\/wp\/v2\/comments?post=111"}],"version-history":[{"count":17,"href":"https:\/\/colfarmi.com\/inicio\/wp-json\/wp\/v2\/pages\/111\/revisions"}],"predecessor-version":[{"id":515,"href":"https:\/\/colfarmi.com\/inicio\/wp-json\/wp\/v2\/pages\/111\/revisions\/515"}],"wp:attachment":[{"href":"https:\/\/colfarmi.com\/inicio\/wp-json\/wp\/v2\/media?parent=111"}],"curies":[{"name":"wp","href":"https:\/\/api.w.org\/{rel}","templated":true}]}}